{"id":14266,"date":"2025-05-20T13:36:17","date_gmt":"2025-05-20T11:36:17","guid":{"rendered":"https:\/\/anticor.milleniumhost.pl\/?page_id=14266"},"modified":"2025-05-20T13:36:18","modified_gmt":"2025-05-20T11:36:18","slug":"narzedzia-i-akcesoria","status":"publish","type":"page","link":"https:\/\/anticor.milleniumhost.pl\/en\/offer\/narzedzia-i-akcesoria\/","title":{"rendered":"Tools and accessories"},"content":{"rendered":"","protected":false},"excerpt":{"rendered":"","protected":false},"author":9,"featured_media":14296,"parent":963,"menu_order":0,"comment_status":"closed","ping_status":"closed","template":"page-toolandaccessories.php","meta":{"_acf_changed":false,"footnotes":""},"class_list":["post-14266","page","type-page","status-publish","has-post-thumbnail","hentry"],"acf":[],"yoast_head":"<!-- This site is optimized with the Yoast SEO plugin v26.9 - https:\/\/yoast.com\/product\/yoast-seo-wordpress\/ -->\n<title>Tools and accessories - ANTICOR<\/title>\n<meta name=\"description\" content=\"Dzia\u0142amy w r\u00f3\u017cnych bran\u017cach przemys\u0142u, takich jak: gazownictwo, budownictwo, elektroinstalacje, wodoci\u0105gi, petrochemia, klimatyzacja, ciep\u0142ownictwo\" \/>\n<meta name=\"robots\" content=\"index, follow, max-snippet:-1, max-image-preview:large, max-video-preview:-1\" \/>\n<link rel=\"canonical\" href=\"https:\/\/anticor.milleniumhost.pl\/oferta\/narzedzia-i-akcesoria\/\" \/>\n<meta property=\"og:locale\" content=\"en_US\" \/>\n<meta property=\"og:type\" content=\"article\" \/>\n<meta property=\"og:title\" content=\"Tools and accessories - ANTICOR\" \/>\n<meta property=\"og:description\" content=\"Dzia\u0142amy w r\u00f3\u017cnych bran\u017cach przemys\u0142u, takich jak: gazownictwo, budownictwo, elektroinstalacje, wodoci\u0105gi, petrochemia, klimatyzacja, ciep\u0142ownictwo\" \/>\n<meta property=\"og:url\" content=\"https:\/\/anticor.milleniumhost.pl\/oferta\/narzedzia-i-akcesoria\/\" \/>\n<meta property=\"og:site_name\" content=\"ANTICOR\" \/>\n<meta property=\"article:modified_time\" content=\"2025-05-20T11:36:18+00:00\" \/>\n<meta property=\"og:image\" content=\"https:\/\/anticor.milleniumhost.pl\/wp-content\/uploads\/2025\/05\/Akcesoria-narzedzia.png\" \/>\n\t<meta property=\"og:image:width\" content=\"671\" \/>\n\t<meta property=\"og:image:height\" content=\"409\" \/>\n\t<meta property=\"og:image:type\" content=\"image\/png\" \/>\n<meta name=\"twitter:card\" content=\"summary_large_image\" \/>\n<script type=\"application\/ld+json\" class=\"yoast-schema-graph\">{\"@context\":\"https:\/\/schema.org\",\"@graph\":[{\"@type\":\"WebPage\",\"@id\":\"https:\/\/anticor.milleniumhost.pl\/oferta\/narzedzia-i-akcesoria\/\",\"url\":\"https:\/\/anticor.milleniumhost.pl\/oferta\/narzedzia-i-akcesoria\/\",\"name\":\"Tools and accessories - ANTICOR\",\"isPartOf\":{\"@id\":\"https:\/\/anticor.milleniumhost.pl\/#website\"},\"primaryImageOfPage\":{\"@id\":\"https:\/\/anticor.milleniumhost.pl\/oferta\/narzedzia-i-akcesoria\/#primaryimage\"},\"image\":{\"@id\":\"https:\/\/anticor.milleniumhost.pl\/oferta\/narzedzia-i-akcesoria\/#primaryimage\"},\"thumbnailUrl\":\"https:\/\/anticor.milleniumhost.pl\/wp-content\/uploads\/2025\/05\/Akcesoria-narzedzia.png\",\"datePublished\":\"2025-05-20T11:36:17+00:00\",\"dateModified\":\"2025-05-20T11:36:18+00:00\",\"description\":\"Dzia\u0142amy w r\u00f3\u017cnych bran\u017cach przemys\u0142u, takich jak: gazownictwo, budownictwo, elektroinstalacje, wodoci\u0105gi, petrochemia, klimatyzacja, ciep\u0142ownictwo\",\"breadcrumb\":{\"@id\":\"https:\/\/anticor.milleniumhost.pl\/oferta\/narzedzia-i-akcesoria\/#breadcrumb\"},\"inLanguage\":\"en-US\",\"potentialAction\":[{\"@type\":\"ReadAction\",\"target\":[\"https:\/\/anticor.milleniumhost.pl\/oferta\/narzedzia-i-akcesoria\/\"]}]},{\"@type\":\"ImageObject\",\"inLanguage\":\"en-US\",\"@id\":\"https:\/\/anticor.milleniumhost.pl\/oferta\/narzedzia-i-akcesoria\/#primaryimage\",\"url\":\"https:\/\/anticor.milleniumhost.pl\/wp-content\/uploads\/2025\/05\/Akcesoria-narzedzia.png\",\"contentUrl\":\"https:\/\/anticor.milleniumhost.pl\/wp-content\/uploads\/2025\/05\/Akcesoria-narzedzia.png\",\"width\":671,\"height\":409},{\"@type\":\"BreadcrumbList\",\"@id\":\"https:\/\/anticor.milleniumhost.pl\/oferta\/narzedzia-i-akcesoria\/#breadcrumb\",\"itemListElement\":[{\"@type\":\"ListItem\",\"position\":1,\"name\":\"Products\",\"item\":\"https:\/\/anticor.milleniumhost.pl\/en\/offer\/\"},{\"@type\":\"ListItem\",\"position\":2,\"name\":\"Tools and accessories\"}]},{\"@type\":\"WebSite\",\"@id\":\"https:\/\/anticor.milleniumhost.pl\/#website\",\"url\":\"https:\/\/anticor.milleniumhost.pl\/\",\"name\":\"ANTICOR\",\"description\":\"Dzia\u0142amy w r\u00f3\u017cnych bran\u017cach przemys\u0142u, takich jak: gazownictwo, budownictwo, elektroinstalacje, wodoci\u0105gi, petrochemia, klimatyzacja, ciep\u0142ownictwo\",\"publisher\":{\"@id\":\"https:\/\/anticor.milleniumhost.pl\/#organization\"},\"potentialAction\":[{\"@type\":\"SearchAction\",\"target\":{\"@type\":\"EntryPoint\",\"urlTemplate\":\"https:\/\/anticor.milleniumhost.pl\/?s={search_term_string}\"},\"query-input\":{\"@type\":\"PropertyValueSpecification\",\"valueRequired\":true,\"valueName\":\"search_term_string\"}}],\"inLanguage\":\"en-US\"},{\"@type\":\"Organization\",\"@id\":\"https:\/\/anticor.milleniumhost.pl\/#organization\",\"name\":\"ANTICOR Sp. z o.o.\",\"url\":\"https:\/\/anticor.milleniumhost.pl\/\",\"logo\":{\"@type\":\"ImageObject\",\"inLanguage\":\"en-US\",\"@id\":\"https:\/\/anticor.milleniumhost.pl\/#\/schema\/logo\/image\/\",\"url\":\"https:\/\/anticor.milleniumhost.pl\/wp-content\/uploads\/2021\/02\/ANTICOR30_LOGO_JPG-scaled.jpg\",\"contentUrl\":\"https:\/\/anticor.milleniumhost.pl\/wp-content\/uploads\/2021\/02\/ANTICOR30_LOGO_JPG-scaled.jpg\",\"width\":2560,\"height\":695,\"caption\":\"ANTICOR Sp. z o.o.\"},\"image\":{\"@id\":\"https:\/\/anticor.milleniumhost.pl\/#\/schema\/logo\/image\/\"},\"sameAs\":[\"https:\/\/www.linkedin.com\/company\/anticor30\/\"]}]}<\/script>\n<!-- \/ Yoast SEO plugin. -->","yoast_head_json":{"title":"Tools and accessories - ANTICOR","description":"Dzia\u0142amy w r\u00f3\u017cnych bran\u017cach przemys\u0142u, takich jak: gazownictwo, budownictwo, elektroinstalacje, wodoci\u0105gi, petrochemia, klimatyzacja, ciep\u0142ownictwo","robots":{"index":"index","follow":"follow","max-snippet":"max-snippet:-1","max-image-preview":"max-image-preview:large","max-video-preview":"max-video-preview:-1"},"canonical":"https:\/\/anticor.milleniumhost.pl\/oferta\/narzedzia-i-akcesoria\/","og_locale":"en_US","og_type":"article","og_title":"Tools and accessories - ANTICOR","og_description":"Dzia\u0142amy w r\u00f3\u017cnych bran\u017cach przemys\u0142u, takich jak: gazownictwo, budownictwo, elektroinstalacje, wodoci\u0105gi, petrochemia, klimatyzacja, ciep\u0142ownictwo","og_url":"https:\/\/anticor.milleniumhost.pl\/oferta\/narzedzia-i-akcesoria\/","og_site_name":"ANTICOR","article_modified_time":"2025-05-20T11:36:18+00:00","og_image":[{"width":671,"height":409,"url":"https:\/\/anticor.milleniumhost.pl\/wp-content\/uploads\/2025\/05\/Akcesoria-narzedzia.png","type":"image\/png"}],"twitter_card":"summary_large_image","schema":{"@context":"https:\/\/schema.org","@graph":[{"@type":"WebPage","@id":"https:\/\/anticor.milleniumhost.pl\/oferta\/narzedzia-i-akcesoria\/","url":"https:\/\/anticor.milleniumhost.pl\/oferta\/narzedzia-i-akcesoria\/","name":"Tools and accessories - ANTICOR","isPartOf":{"@id":"https:\/\/anticor.milleniumhost.pl\/#website"},"primaryImageOfPage":{"@id":"https:\/\/anticor.milleniumhost.pl\/oferta\/narzedzia-i-akcesoria\/#primaryimage"},"image":{"@id":"https:\/\/anticor.milleniumhost.pl\/oferta\/narzedzia-i-akcesoria\/#primaryimage"},"thumbnailUrl":"https:\/\/anticor.milleniumhost.pl\/wp-content\/uploads\/2025\/05\/Akcesoria-narzedzia.png","datePublished":"2025-05-20T11:36:17+00:00","dateModified":"2025-05-20T11:36:18+00:00","description":"Dzia\u0142amy w r\u00f3\u017cnych bran\u017cach przemys\u0142u, takich jak: gazownictwo, budownictwo, elektroinstalacje, wodoci\u0105gi, petrochemia, klimatyzacja, ciep\u0142ownictwo","breadcrumb":{"@id":"https:\/\/anticor.milleniumhost.pl\/oferta\/narzedzia-i-akcesoria\/#breadcrumb"},"inLanguage":"en-US","potentialAction":[{"@type":"ReadAction","target":["https:\/\/anticor.milleniumhost.pl\/oferta\/narzedzia-i-akcesoria\/"]}]},{"@type":"ImageObject","inLanguage":"en-US","@id":"https:\/\/anticor.milleniumhost.pl\/oferta\/narzedzia-i-akcesoria\/#primaryimage","url":"https:\/\/anticor.milleniumhost.pl\/wp-content\/uploads\/2025\/05\/Akcesoria-narzedzia.png","contentUrl":"https:\/\/anticor.milleniumhost.pl\/wp-content\/uploads\/2025\/05\/Akcesoria-narzedzia.png","width":671,"height":409},{"@type":"BreadcrumbList","@id":"https:\/\/anticor.milleniumhost.pl\/oferta\/narzedzia-i-akcesoria\/#breadcrumb","itemListElement":[{"@type":"ListItem","position":1,"name":"Products","item":"https:\/\/anticor.milleniumhost.pl\/en\/offer\/"},{"@type":"ListItem","position":2,"name":"Tools and accessories"}]},{"@type":"WebSite","@id":"https:\/\/anticor.milleniumhost.pl\/#website","url":"https:\/\/anticor.milleniumhost.pl\/","name":"ANTICOR","description":"Dzia\u0142amy w r\u00f3\u017cnych bran\u017cach przemys\u0142u, takich jak: gazownictwo, budownictwo, elektroinstalacje, wodoci\u0105gi, petrochemia, klimatyzacja, ciep\u0142ownictwo","publisher":{"@id":"https:\/\/anticor.milleniumhost.pl\/#organization"},"potentialAction":[{"@type":"SearchAction","target":{"@type":"EntryPoint","urlTemplate":"https:\/\/anticor.milleniumhost.pl\/?s={search_term_string}"},"query-input":{"@type":"PropertyValueSpecification","valueRequired":true,"valueName":"search_term_string"}}],"inLanguage":"en-US"},{"@type":"Organization","@id":"https:\/\/anticor.milleniumhost.pl\/#organization","name":"ANTICOR Sp. z o.o.","url":"https:\/\/anticor.milleniumhost.pl\/","logo":{"@type":"ImageObject","inLanguage":"en-US","@id":"https:\/\/anticor.milleniumhost.pl\/#\/schema\/logo\/image\/","url":"https:\/\/anticor.milleniumhost.pl\/wp-content\/uploads\/2021\/02\/ANTICOR30_LOGO_JPG-scaled.jpg","contentUrl":"https:\/\/anticor.milleniumhost.pl\/wp-content\/uploads\/2021\/02\/ANTICOR30_LOGO_JPG-scaled.jpg","width":2560,"height":695,"caption":"ANTICOR Sp. z o.o."},"image":{"@id":"https:\/\/anticor.milleniumhost.pl\/#\/schema\/logo\/image\/"},"sameAs":["https:\/\/www.linkedin.com\/company\/anticor30\/"]}]}},"_links":{"self":[{"href":"https:\/\/anticor.milleniumhost.pl\/en\/wp-json\/wp\/v2\/pages\/14266","targetHints":{"allow":["GET"]}}],"collection":[{"href":"https:\/\/anticor.milleniumhost.pl\/en\/wp-json\/wp\/v2\/pages"}],"about":[{"href":"https:\/\/anticor.milleniumhost.pl\/en\/wp-json\/wp\/v2\/types\/page"}],"author":[{"embeddable":true,"href":"https:\/\/anticor.milleniumhost.pl\/en\/wp-json\/wp\/v2\/users\/9"}],"replies":[{"embeddable":true,"href":"https:\/\/anticor.milleniumhost.pl\/en\/wp-json\/wp\/v2\/comments?post=14266"}],"version-history":[{"count":2,"href":"https:\/\/anticor.milleniumhost.pl\/en\/wp-json\/wp\/v2\/pages\/14266\/revisions"}],"predecessor-version":[{"id":14271,"href":"https:\/\/anticor.milleniumhost.pl\/en\/wp-json\/wp\/v2\/pages\/14266\/revisions\/14271"}],"up":[{"embeddable":true,"href":"https:\/\/anticor.milleniumhost.pl\/en\/wp-json\/wp\/v2\/pages\/963"}],"wp:featuredmedia":[{"embeddable":true,"href":"https:\/\/anticor.milleniumhost.pl\/en\/wp-json\/wp\/v2\/media\/14296"}],"wp:attachment":[{"href":"https:\/\/anticor.milleniumhost.pl\/en\/wp-json\/wp\/v2\/media?parent=14266"}],"curies":[{"name":"wp","href":"https:\/\/api.w.org\/{rel}","templated":true}]}}