{"id":1145,"date":"2019-04-12T23:21:26","date_gmt":"2019-04-12T21:21:26","guid":{"rendered":"http:\/\/anticor.milleniumhost.pl\/o-firmie\/praca-w-anticor\/"},"modified":"2019-07-30T14:10:04","modified_gmt":"2019-07-30T12:10:04","slug":"praca-w-anticor","status":"publish","type":"page","link":"https:\/\/anticor.milleniumhost.pl\/en\/o-firmie\/praca-w-anticor\/","title":{"rendered":"Career"},"content":{"rendered":"\n<p><strong>WHAT DO WE OFFER?<\/strong><\/p>\n\n\n\n<p>ANTICOR is known as one of the largest suppliers of self-adhesive tapes and coatings on the Polish market and European countries since 1991. To maintain the leading position in the highly competitive market, we have to make sure that our employees represent the highest level of professionalism. We achieve this through employing ambitious and talented people, providing them intensive training and optimal working conditions for further personal development. Our employees appreciate our offered training programs tailored to their needs, and also value the security and stability of their work (achieved, among others, thanks to a social package). A great trust, that we give employees from their first day, make sure that our company creates a ideal place for people for which constant development, acquisition of new skills and ambitious challanges is the most importing thing. <\/p>\n\n\n\n<p><strong>WHO WE ARE LOOKING FOR?<\/strong><\/p>\n\n\n\n<p>We are looking for talented colleagues who approach their tasks with passion, are open for change and actively looking for new solutions. For more information on current job offers please contact us or send your current CV to the mail adress <a href=\"mailto:rekrutacja@anticor.milleniumhost.pl\"><strong>rekrutacja@anticor.milleniumhost.pl<\/strong><\/a><\/p>\n","protected":false},"excerpt":{"rendered":"<p>WHAT DO WE OFFER? ANTICOR is known as one of the largest suppliers of self-adhesive tapes and coatings on the Polish market and European countries since 1991. To maintain the leading position in the highly competitive market, we have to make sure that our employees represent the highest level of professionalism. We achieve this through [&hellip;]<\/p>\n","protected":false},"author":4,"featured_media":0,"parent":1140,"menu_order":0,"comment_status":"closed","ping_status":"closed","template":"page-text.php","meta":{"_acf_changed":false,"footnotes":""},"class_list":["post-1145","page","type-page","status-publish","hentry"],"acf":[],"yoast_head":"<!-- This site is optimized with the Yoast SEO plugin v26.9 - https:\/\/yoast.com\/product\/yoast-seo-wordpress\/ -->\n<title>Career - ANTICOR<\/title>\n<meta name=\"description\" content=\"Dzia\u0142amy w r\u00f3\u017cnych bran\u017cach przemys\u0142u, takich jak: gazownictwo, budownictwo, elektroinstalacje, wodoci\u0105gi, petrochemia, klimatyzacja, ciep\u0142ownictwo\" \/>\n<meta name=\"robots\" content=\"index, follow, max-snippet:-1, max-image-preview:large, max-video-preview:-1\" \/>\n<link rel=\"canonical\" href=\"https:\/\/anticor.milleniumhost.pl\/o-firmie\/praca-w-anticor\/\" \/>\n<meta property=\"og:locale\" content=\"en_US\" \/>\n<meta property=\"og:type\" content=\"article\" \/>\n<meta property=\"og:title\" content=\"Career - ANTICOR\" \/>\n<meta property=\"og:description\" content=\"Dzia\u0142amy w r\u00f3\u017cnych bran\u017cach przemys\u0142u, takich jak: gazownictwo, budownictwo, elektroinstalacje, wodoci\u0105gi, petrochemia, klimatyzacja, ciep\u0142ownictwo\" \/>\n<meta property=\"og:url\" content=\"https:\/\/anticor.milleniumhost.pl\/o-firmie\/praca-w-anticor\/\" \/>\n<meta property=\"og:site_name\" content=\"ANTICOR\" \/>\n<meta property=\"article:modified_time\" content=\"2019-07-30T12:10:04+00:00\" \/>\n<meta name=\"twitter:card\" content=\"summary_large_image\" \/>\n<meta name=\"twitter:label1\" content=\"Est. reading time\" \/>\n\t<meta name=\"twitter:data1\" content=\"1 minute\" \/>\n<script type=\"application\/ld+json\" class=\"yoast-schema-graph\">{\"@context\":\"https:\/\/schema.org\",\"@graph\":[{\"@type\":\"WebPage\",\"@id\":\"https:\/\/anticor.milleniumhost.pl\/o-firmie\/praca-w-anticor\/\",\"url\":\"https:\/\/anticor.milleniumhost.pl\/o-firmie\/praca-w-anticor\/\",\"name\":\"Career - ANTICOR\",\"isPartOf\":{\"@id\":\"https:\/\/anticor.milleniumhost.pl\/#website\"},\"datePublished\":\"2019-04-12T21:21:26+00:00\",\"dateModified\":\"2019-07-30T12:10:04+00:00\",\"description\":\"Dzia\u0142amy w r\u00f3\u017cnych bran\u017cach przemys\u0142u, takich jak: gazownictwo, budownictwo, elektroinstalacje, wodoci\u0105gi, petrochemia, klimatyzacja, ciep\u0142ownictwo\",\"breadcrumb\":{\"@id\":\"https:\/\/anticor.milleniumhost.pl\/o-firmie\/praca-w-anticor\/#breadcrumb\"},\"inLanguage\":\"en-US\",\"potentialAction\":[{\"@type\":\"ReadAction\",\"target\":[\"https:\/\/anticor.milleniumhost.pl\/o-firmie\/praca-w-anticor\/\"]}]},{\"@type\":\"BreadcrumbList\",\"@id\":\"https:\/\/anticor.milleniumhost.pl\/o-firmie\/praca-w-anticor\/#breadcrumb\",\"itemListElement\":[{\"@type\":\"ListItem\",\"position\":1,\"name\":\"About us\",\"item\":\"https:\/\/anticor.milleniumhost.pl\/en\/o-firmie\/\"},{\"@type\":\"ListItem\",\"position\":2,\"name\":\"Career\"}]},{\"@type\":\"WebSite\",\"@id\":\"https:\/\/anticor.milleniumhost.pl\/#website\",\"url\":\"https:\/\/anticor.milleniumhost.pl\/\",\"name\":\"ANTICOR\",\"description\":\"Dzia\u0142amy w r\u00f3\u017cnych bran\u017cach przemys\u0142u, takich jak: gazownictwo, budownictwo, elektroinstalacje, wodoci\u0105gi, petrochemia, klimatyzacja, ciep\u0142ownictwo\",\"publisher\":{\"@id\":\"https:\/\/anticor.milleniumhost.pl\/#organization\"},\"potentialAction\":[{\"@type\":\"SearchAction\",\"target\":{\"@type\":\"EntryPoint\",\"urlTemplate\":\"https:\/\/anticor.milleniumhost.pl\/?s={search_term_string}\"},\"query-input\":{\"@type\":\"PropertyValueSpecification\",\"valueRequired\":true,\"valueName\":\"search_term_string\"}}],\"inLanguage\":\"en-US\"},{\"@type\":\"Organization\",\"@id\":\"https:\/\/anticor.milleniumhost.pl\/#organization\",\"name\":\"ANTICOR Sp. z o.o.\",\"url\":\"https:\/\/anticor.milleniumhost.pl\/\",\"logo\":{\"@type\":\"ImageObject\",\"inLanguage\":\"en-US\",\"@id\":\"https:\/\/anticor.milleniumhost.pl\/#\/schema\/logo\/image\/\",\"url\":\"https:\/\/anticor.milleniumhost.pl\/wp-content\/uploads\/2021\/02\/ANTICOR30_LOGO_JPG-scaled.jpg\",\"contentUrl\":\"https:\/\/anticor.milleniumhost.pl\/wp-content\/uploads\/2021\/02\/ANTICOR30_LOGO_JPG-scaled.jpg\",\"width\":2560,\"height\":695,\"caption\":\"ANTICOR Sp. z o.o.\"},\"image\":{\"@id\":\"https:\/\/anticor.milleniumhost.pl\/#\/schema\/logo\/image\/\"},\"sameAs\":[\"https:\/\/www.linkedin.com\/company\/anticor30\/\"]}]}<\/script>\n<!-- \/ Yoast SEO plugin. -->","yoast_head_json":{"title":"Career - ANTICOR","description":"Dzia\u0142amy w r\u00f3\u017cnych bran\u017cach przemys\u0142u, takich jak: gazownictwo, budownictwo, elektroinstalacje, wodoci\u0105gi, petrochemia, klimatyzacja, ciep\u0142ownictwo","robots":{"index":"index","follow":"follow","max-snippet":"max-snippet:-1","max-image-preview":"max-image-preview:large","max-video-preview":"max-video-preview:-1"},"canonical":"https:\/\/anticor.milleniumhost.pl\/o-firmie\/praca-w-anticor\/","og_locale":"en_US","og_type":"article","og_title":"Career - ANTICOR","og_description":"Dzia\u0142amy w r\u00f3\u017cnych bran\u017cach przemys\u0142u, takich jak: gazownictwo, budownictwo, elektroinstalacje, wodoci\u0105gi, petrochemia, klimatyzacja, ciep\u0142ownictwo","og_url":"https:\/\/anticor.milleniumhost.pl\/o-firmie\/praca-w-anticor\/","og_site_name":"ANTICOR","article_modified_time":"2019-07-30T12:10:04+00:00","twitter_card":"summary_large_image","twitter_misc":{"Est. reading time":"1 minute"},"schema":{"@context":"https:\/\/schema.org","@graph":[{"@type":"WebPage","@id":"https:\/\/anticor.milleniumhost.pl\/o-firmie\/praca-w-anticor\/","url":"https:\/\/anticor.milleniumhost.pl\/o-firmie\/praca-w-anticor\/","name":"Career - ANTICOR","isPartOf":{"@id":"https:\/\/anticor.milleniumhost.pl\/#website"},"datePublished":"2019-04-12T21:21:26+00:00","dateModified":"2019-07-30T12:10:04+00:00","description":"Dzia\u0142amy w r\u00f3\u017cnych bran\u017cach przemys\u0142u, takich jak: gazownictwo, budownictwo, elektroinstalacje, wodoci\u0105gi, petrochemia, klimatyzacja, ciep\u0142ownictwo","breadcrumb":{"@id":"https:\/\/anticor.milleniumhost.pl\/o-firmie\/praca-w-anticor\/#breadcrumb"},"inLanguage":"en-US","potentialAction":[{"@type":"ReadAction","target":["https:\/\/anticor.milleniumhost.pl\/o-firmie\/praca-w-anticor\/"]}]},{"@type":"BreadcrumbList","@id":"https:\/\/anticor.milleniumhost.pl\/o-firmie\/praca-w-anticor\/#breadcrumb","itemListElement":[{"@type":"ListItem","position":1,"name":"About us","item":"https:\/\/anticor.milleniumhost.pl\/en\/o-firmie\/"},{"@type":"ListItem","position":2,"name":"Career"}]},{"@type":"WebSite","@id":"https:\/\/anticor.milleniumhost.pl\/#website","url":"https:\/\/anticor.milleniumhost.pl\/","name":"ANTICOR","description":"Dzia\u0142amy w r\u00f3\u017cnych bran\u017cach przemys\u0142u, takich jak: gazownictwo, budownictwo, elektroinstalacje, wodoci\u0105gi, petrochemia, klimatyzacja, ciep\u0142ownictwo","publisher":{"@id":"https:\/\/anticor.milleniumhost.pl\/#organization"},"potentialAction":[{"@type":"SearchAction","target":{"@type":"EntryPoint","urlTemplate":"https:\/\/anticor.milleniumhost.pl\/?s={search_term_string}"},"query-input":{"@type":"PropertyValueSpecification","valueRequired":true,"valueName":"search_term_string"}}],"inLanguage":"en-US"},{"@type":"Organization","@id":"https:\/\/anticor.milleniumhost.pl\/#organization","name":"ANTICOR Sp. z o.o.","url":"https:\/\/anticor.milleniumhost.pl\/","logo":{"@type":"ImageObject","inLanguage":"en-US","@id":"https:\/\/anticor.milleniumhost.pl\/#\/schema\/logo\/image\/","url":"https:\/\/anticor.milleniumhost.pl\/wp-content\/uploads\/2021\/02\/ANTICOR30_LOGO_JPG-scaled.jpg","contentUrl":"https:\/\/anticor.milleniumhost.pl\/wp-content\/uploads\/2021\/02\/ANTICOR30_LOGO_JPG-scaled.jpg","width":2560,"height":695,"caption":"ANTICOR Sp. z o.o."},"image":{"@id":"https:\/\/anticor.milleniumhost.pl\/#\/schema\/logo\/image\/"},"sameAs":["https:\/\/www.linkedin.com\/company\/anticor30\/"]}]}},"_links":{"self":[{"href":"https:\/\/anticor.milleniumhost.pl\/en\/wp-json\/wp\/v2\/pages\/1145","targetHints":{"allow":["GET"]}}],"collection":[{"href":"https:\/\/anticor.milleniumhost.pl\/en\/wp-json\/wp\/v2\/pages"}],"about":[{"href":"https:\/\/anticor.milleniumhost.pl\/en\/wp-json\/wp\/v2\/types\/page"}],"author":[{"embeddable":true,"href":"https:\/\/anticor.milleniumhost.pl\/en\/wp-json\/wp\/v2\/users\/4"}],"replies":[{"embeddable":true,"href":"https:\/\/anticor.milleniumhost.pl\/en\/wp-json\/wp\/v2\/comments?post=1145"}],"version-history":[{"count":5,"href":"https:\/\/anticor.milleniumhost.pl\/en\/wp-json\/wp\/v2\/pages\/1145\/revisions"}],"predecessor-version":[{"id":6218,"href":"https:\/\/anticor.milleniumhost.pl\/en\/wp-json\/wp\/v2\/pages\/1145\/revisions\/6218"}],"up":[{"embeddable":true,"href":"https:\/\/anticor.milleniumhost.pl\/en\/wp-json\/wp\/v2\/pages\/1140"}],"wp:attachment":[{"href":"https:\/\/anticor.milleniumhost.pl\/en\/wp-json\/wp\/v2\/media?parent=1145"}],"curies":[{"name":"wp","href":"https:\/\/api.w.org\/{rel}","templated":true}]}}