{"id":1006,"date":"2019-04-13T00:35:16","date_gmt":"2019-04-12T22:35:16","guid":{"rendered":"http:\/\/anticor.milleniumhost.pl\/oferta\/powloki-przeciwkorozyjne-i-urzadzenia-specjalistyczne\/"},"modified":"2019-08-09T13:38:49","modified_gmt":"2019-08-09T11:38:49","slug":"corrosion-protection-coatings-technologies","status":"publish","type":"page","link":"https:\/\/anticor.milleniumhost.pl\/en\/offer\/corrosion-protection-coatings-technologies\/","title":{"rendered":"Corrosion Protection Coatings &#038; Technologies"},"content":{"rendered":"","protected":false},"excerpt":{"rendered":"","protected":false},"author":4,"featured_media":796,"parent":963,"menu_order":0,"comment_status":"closed","ping_status":"closed","template":"page-pow\u0142oki.php","meta":{"_acf_changed":false,"footnotes":""},"class_list":["post-1006","page","type-page","status-publish","has-post-thumbnail","hentry"],"acf":[],"yoast_head":"<!-- This site is optimized with the Yoast SEO plugin v26.9 - https:\/\/yoast.com\/product\/yoast-seo-wordpress\/ -->\n<title>Corrosion Protection Coatings &amp; Technologies - ANTICOR<\/title>\n<meta name=\"description\" content=\"Dzia\u0142amy w r\u00f3\u017cnych bran\u017cach przemys\u0142u, takich jak: gazownictwo, budownictwo, elektroinstalacje, wodoci\u0105gi, petrochemia, klimatyzacja, ciep\u0142ownictwo\" \/>\n<meta name=\"robots\" content=\"index, follow, max-snippet:-1, max-image-preview:large, max-video-preview:-1\" \/>\n<link rel=\"canonical\" href=\"https:\/\/anticor.milleniumhost.pl\/en\/offer\/corrosion-protection-coatings-technologies\/\" \/>\n<meta property=\"og:locale\" content=\"en_US\" \/>\n<meta property=\"og:type\" content=\"article\" \/>\n<meta property=\"og:title\" content=\"Corrosion Protection Coatings &amp; Technologies - ANTICOR\" \/>\n<meta property=\"og:description\" content=\"Dzia\u0142amy w r\u00f3\u017cnych bran\u017cach przemys\u0142u, takich jak: gazownictwo, budownictwo, elektroinstalacje, wodoci\u0105gi, petrochemia, klimatyzacja, ciep\u0142ownictwo\" \/>\n<meta property=\"og:url\" content=\"https:\/\/anticor.milleniumhost.pl\/en\/offer\/corrosion-protection-coatings-technologies\/\" \/>\n<meta property=\"og:site_name\" content=\"ANTICOR\" \/>\n<meta property=\"article:modified_time\" content=\"2019-08-09T11:38:49+00:00\" \/>\n<meta property=\"og:image\" content=\"https:\/\/anticor.milleniumhost.pl\/wp-content\/uploads\/2019\/05\/korozja_str-9-P4290035.jpg\" \/>\n\t<meta property=\"og:image:width\" content=\"3264\" \/>\n\t<meta property=\"og:image:height\" content=\"2448\" \/>\n\t<meta property=\"og:image:type\" content=\"image\/jpeg\" \/>\n<meta name=\"twitter:card\" content=\"summary_large_image\" \/>\n<script type=\"application\/ld+json\" class=\"yoast-schema-graph\">{\"@context\":\"https:\/\/schema.org\",\"@graph\":[{\"@type\":\"WebPage\",\"@id\":\"https:\/\/anticor.milleniumhost.pl\/en\/offer\/corrosion-protection-coatings-technologies\/\",\"url\":\"https:\/\/anticor.milleniumhost.pl\/en\/offer\/corrosion-protection-coatings-technologies\/\",\"name\":\"Corrosion Protection Coatings & Technologies - ANTICOR\",\"isPartOf\":{\"@id\":\"https:\/\/anticor.milleniumhost.pl\/#website\"},\"primaryImageOfPage\":{\"@id\":\"https:\/\/anticor.milleniumhost.pl\/en\/offer\/corrosion-protection-coatings-technologies\/#primaryimage\"},\"image\":{\"@id\":\"https:\/\/anticor.milleniumhost.pl\/en\/offer\/corrosion-protection-coatings-technologies\/#primaryimage\"},\"thumbnailUrl\":\"https:\/\/anticor.milleniumhost.pl\/wp-content\/uploads\/2019\/05\/korozja_str-9-P4290035.jpg\",\"datePublished\":\"2019-04-12T22:35:16+00:00\",\"dateModified\":\"2019-08-09T11:38:49+00:00\",\"description\":\"Dzia\u0142amy w r\u00f3\u017cnych bran\u017cach przemys\u0142u, takich jak: gazownictwo, budownictwo, elektroinstalacje, wodoci\u0105gi, petrochemia, klimatyzacja, ciep\u0142ownictwo\",\"breadcrumb\":{\"@id\":\"https:\/\/anticor.milleniumhost.pl\/en\/offer\/corrosion-protection-coatings-technologies\/#breadcrumb\"},\"inLanguage\":\"en-US\",\"potentialAction\":[{\"@type\":\"ReadAction\",\"target\":[\"https:\/\/anticor.milleniumhost.pl\/en\/offer\/corrosion-protection-coatings-technologies\/\"]}]},{\"@type\":\"ImageObject\",\"inLanguage\":\"en-US\",\"@id\":\"https:\/\/anticor.milleniumhost.pl\/en\/offer\/corrosion-protection-coatings-technologies\/#primaryimage\",\"url\":\"https:\/\/anticor.milleniumhost.pl\/wp-content\/uploads\/2019\/05\/korozja_str-9-P4290035.jpg\",\"contentUrl\":\"https:\/\/anticor.milleniumhost.pl\/wp-content\/uploads\/2019\/05\/korozja_str-9-P4290035.jpg\",\"width\":3264,\"height\":2448},{\"@type\":\"BreadcrumbList\",\"@id\":\"https:\/\/anticor.milleniumhost.pl\/en\/offer\/corrosion-protection-coatings-technologies\/#breadcrumb\",\"itemListElement\":[{\"@type\":\"ListItem\",\"position\":1,\"name\":\"Products\",\"item\":\"https:\/\/anticor.milleniumhost.pl\/en\/offer\/\"},{\"@type\":\"ListItem\",\"position\":2,\"name\":\"Corrosion Protection Coatings &#038; Technologies\"}]},{\"@type\":\"WebSite\",\"@id\":\"https:\/\/anticor.milleniumhost.pl\/#website\",\"url\":\"https:\/\/anticor.milleniumhost.pl\/\",\"name\":\"ANTICOR\",\"description\":\"Dzia\u0142amy w r\u00f3\u017cnych bran\u017cach przemys\u0142u, takich jak: gazownictwo, budownictwo, elektroinstalacje, wodoci\u0105gi, petrochemia, klimatyzacja, ciep\u0142ownictwo\",\"publisher\":{\"@id\":\"https:\/\/anticor.milleniumhost.pl\/#organization\"},\"potentialAction\":[{\"@type\":\"SearchAction\",\"target\":{\"@type\":\"EntryPoint\",\"urlTemplate\":\"https:\/\/anticor.milleniumhost.pl\/?s={search_term_string}\"},\"query-input\":{\"@type\":\"PropertyValueSpecification\",\"valueRequired\":true,\"valueName\":\"search_term_string\"}}],\"inLanguage\":\"en-US\"},{\"@type\":\"Organization\",\"@id\":\"https:\/\/anticor.milleniumhost.pl\/#organization\",\"name\":\"ANTICOR Sp. z o.o.\",\"url\":\"https:\/\/anticor.milleniumhost.pl\/\",\"logo\":{\"@type\":\"ImageObject\",\"inLanguage\":\"en-US\",\"@id\":\"https:\/\/anticor.milleniumhost.pl\/#\/schema\/logo\/image\/\",\"url\":\"https:\/\/anticor.milleniumhost.pl\/wp-content\/uploads\/2021\/02\/ANTICOR30_LOGO_JPG-scaled.jpg\",\"contentUrl\":\"https:\/\/anticor.milleniumhost.pl\/wp-content\/uploads\/2021\/02\/ANTICOR30_LOGO_JPG-scaled.jpg\",\"width\":2560,\"height\":695,\"caption\":\"ANTICOR Sp. z o.o.\"},\"image\":{\"@id\":\"https:\/\/anticor.milleniumhost.pl\/#\/schema\/logo\/image\/\"},\"sameAs\":[\"https:\/\/www.linkedin.com\/company\/anticor30\/\"]}]}<\/script>\n<!-- \/ Yoast SEO plugin. -->","yoast_head_json":{"title":"Corrosion Protection Coatings & Technologies - ANTICOR","description":"Dzia\u0142amy w r\u00f3\u017cnych bran\u017cach przemys\u0142u, takich jak: gazownictwo, budownictwo, elektroinstalacje, wodoci\u0105gi, petrochemia, klimatyzacja, ciep\u0142ownictwo","robots":{"index":"index","follow":"follow","max-snippet":"max-snippet:-1","max-image-preview":"max-image-preview:large","max-video-preview":"max-video-preview:-1"},"canonical":"https:\/\/anticor.milleniumhost.pl\/en\/offer\/corrosion-protection-coatings-technologies\/","og_locale":"en_US","og_type":"article","og_title":"Corrosion Protection Coatings & Technologies - ANTICOR","og_description":"Dzia\u0142amy w r\u00f3\u017cnych bran\u017cach przemys\u0142u, takich jak: gazownictwo, budownictwo, elektroinstalacje, wodoci\u0105gi, petrochemia, klimatyzacja, ciep\u0142ownictwo","og_url":"https:\/\/anticor.milleniumhost.pl\/en\/offer\/corrosion-protection-coatings-technologies\/","og_site_name":"ANTICOR","article_modified_time":"2019-08-09T11:38:49+00:00","og_image":[{"width":3264,"height":2448,"url":"https:\/\/anticor.milleniumhost.pl\/wp-content\/uploads\/2019\/05\/korozja_str-9-P4290035.jpg","type":"image\/jpeg"}],"twitter_card":"summary_large_image","schema":{"@context":"https:\/\/schema.org","@graph":[{"@type":"WebPage","@id":"https:\/\/anticor.milleniumhost.pl\/en\/offer\/corrosion-protection-coatings-technologies\/","url":"https:\/\/anticor.milleniumhost.pl\/en\/offer\/corrosion-protection-coatings-technologies\/","name":"Corrosion Protection Coatings & Technologies - ANTICOR","isPartOf":{"@id":"https:\/\/anticor.milleniumhost.pl\/#website"},"primaryImageOfPage":{"@id":"https:\/\/anticor.milleniumhost.pl\/en\/offer\/corrosion-protection-coatings-technologies\/#primaryimage"},"image":{"@id":"https:\/\/anticor.milleniumhost.pl\/en\/offer\/corrosion-protection-coatings-technologies\/#primaryimage"},"thumbnailUrl":"https:\/\/anticor.milleniumhost.pl\/wp-content\/uploads\/2019\/05\/korozja_str-9-P4290035.jpg","datePublished":"2019-04-12T22:35:16+00:00","dateModified":"2019-08-09T11:38:49+00:00","description":"Dzia\u0142amy w r\u00f3\u017cnych bran\u017cach przemys\u0142u, takich jak: gazownictwo, budownictwo, elektroinstalacje, wodoci\u0105gi, petrochemia, klimatyzacja, ciep\u0142ownictwo","breadcrumb":{"@id":"https:\/\/anticor.milleniumhost.pl\/en\/offer\/corrosion-protection-coatings-technologies\/#breadcrumb"},"inLanguage":"en-US","potentialAction":[{"@type":"ReadAction","target":["https:\/\/anticor.milleniumhost.pl\/en\/offer\/corrosion-protection-coatings-technologies\/"]}]},{"@type":"ImageObject","inLanguage":"en-US","@id":"https:\/\/anticor.milleniumhost.pl\/en\/offer\/corrosion-protection-coatings-technologies\/#primaryimage","url":"https:\/\/anticor.milleniumhost.pl\/wp-content\/uploads\/2019\/05\/korozja_str-9-P4290035.jpg","contentUrl":"https:\/\/anticor.milleniumhost.pl\/wp-content\/uploads\/2019\/05\/korozja_str-9-P4290035.jpg","width":3264,"height":2448},{"@type":"BreadcrumbList","@id":"https:\/\/anticor.milleniumhost.pl\/en\/offer\/corrosion-protection-coatings-technologies\/#breadcrumb","itemListElement":[{"@type":"ListItem","position":1,"name":"Products","item":"https:\/\/anticor.milleniumhost.pl\/en\/offer\/"},{"@type":"ListItem","position":2,"name":"Corrosion Protection Coatings &#038; Technologies"}]},{"@type":"WebSite","@id":"https:\/\/anticor.milleniumhost.pl\/#website","url":"https:\/\/anticor.milleniumhost.pl\/","name":"ANTICOR","description":"Dzia\u0142amy w r\u00f3\u017cnych bran\u017cach przemys\u0142u, takich jak: gazownictwo, budownictwo, elektroinstalacje, wodoci\u0105gi, petrochemia, klimatyzacja, ciep\u0142ownictwo","publisher":{"@id":"https:\/\/anticor.milleniumhost.pl\/#organization"},"potentialAction":[{"@type":"SearchAction","target":{"@type":"EntryPoint","urlTemplate":"https:\/\/anticor.milleniumhost.pl\/?s={search_term_string}"},"query-input":{"@type":"PropertyValueSpecification","valueRequired":true,"valueName":"search_term_string"}}],"inLanguage":"en-US"},{"@type":"Organization","@id":"https:\/\/anticor.milleniumhost.pl\/#organization","name":"ANTICOR Sp. z o.o.","url":"https:\/\/anticor.milleniumhost.pl\/","logo":{"@type":"ImageObject","inLanguage":"en-US","@id":"https:\/\/anticor.milleniumhost.pl\/#\/schema\/logo\/image\/","url":"https:\/\/anticor.milleniumhost.pl\/wp-content\/uploads\/2021\/02\/ANTICOR30_LOGO_JPG-scaled.jpg","contentUrl":"https:\/\/anticor.milleniumhost.pl\/wp-content\/uploads\/2021\/02\/ANTICOR30_LOGO_JPG-scaled.jpg","width":2560,"height":695,"caption":"ANTICOR Sp. z o.o."},"image":{"@id":"https:\/\/anticor.milleniumhost.pl\/#\/schema\/logo\/image\/"},"sameAs":["https:\/\/www.linkedin.com\/company\/anticor30\/"]}]}},"_links":{"self":[{"href":"https:\/\/anticor.milleniumhost.pl\/en\/wp-json\/wp\/v2\/pages\/1006","targetHints":{"allow":["GET"]}}],"collection":[{"href":"https:\/\/anticor.milleniumhost.pl\/en\/wp-json\/wp\/v2\/pages"}],"about":[{"href":"https:\/\/anticor.milleniumhost.pl\/en\/wp-json\/wp\/v2\/types\/page"}],"author":[{"embeddable":true,"href":"https:\/\/anticor.milleniumhost.pl\/en\/wp-json\/wp\/v2\/users\/4"}],"replies":[{"embeddable":true,"href":"https:\/\/anticor.milleniumhost.pl\/en\/wp-json\/wp\/v2\/comments?post=1006"}],"version-history":[{"count":1,"href":"https:\/\/anticor.milleniumhost.pl\/en\/wp-json\/wp\/v2\/pages\/1006\/revisions"}],"predecessor-version":[{"id":1007,"href":"https:\/\/anticor.milleniumhost.pl\/en\/wp-json\/wp\/v2\/pages\/1006\/revisions\/1007"}],"up":[{"embeddable":true,"href":"https:\/\/anticor.milleniumhost.pl\/en\/wp-json\/wp\/v2\/pages\/963"}],"wp:featuredmedia":[{"embeddable":true,"href":"https:\/\/anticor.milleniumhost.pl\/en\/wp-json\/wp\/v2\/media\/796"}],"wp:attachment":[{"href":"https:\/\/anticor.milleniumhost.pl\/en\/wp-json\/wp\/v2\/media?parent=1006"}],"curies":[{"name":"wp","href":"https:\/\/api.w.org\/{rel}","templated":true}]}}